{"id":1305,"date":"2026-05-04T11:07:44","date_gmt":"2026-05-04T11:07:44","guid":{"rendered":"https:\/\/barlettiwaas.eu\/?page_id=1305"},"modified":"2026-05-04T11:07:44","modified_gmt":"2026-05-04T11:07:44","slug":"spucken-wir-auf-hegel","status":"publish","type":"page","link":"https:\/\/barlettiwaas.eu\/?page_id=1305","title":{"rendered":"SPUCKEN WIR AUF HEGEL"},"content":{"rendered":"\n<p>nach Carla Lonzi  <strong>2025<\/strong><\/p>\n\n\n\n<figure class=\"wp-block-image size-large\"><img loading=\"lazy\" decoding=\"async\" width=\"1024\" height=\"1024\" src=\"https:\/\/barlettiwaas.eu\/wp-content\/uploads\/2026\/05\/spucken-wir-auf-hegel-1024x1024.jpg\" alt=\"\" class=\"wp-image-1306\" srcset=\"https:\/\/barlettiwaas.eu\/wp-content\/uploads\/2026\/05\/spucken-wir-auf-hegel-1024x1024.jpg 1024w, https:\/\/barlettiwaas.eu\/wp-content\/uploads\/2026\/05\/spucken-wir-auf-hegel-300x300.jpg 300w, https:\/\/barlettiwaas.eu\/wp-content\/uploads\/2026\/05\/spucken-wir-auf-hegel-150x150.jpg 150w, https:\/\/barlettiwaas.eu\/wp-content\/uploads\/2026\/05\/spucken-wir-auf-hegel-768x768.jpg 768w, https:\/\/barlettiwaas.eu\/wp-content\/uploads\/2026\/05\/spucken-wir-auf-hegel-365x365.jpg 365w, https:\/\/barlettiwaas.eu\/wp-content\/uploads\/2026\/05\/spucken-wir-auf-hegel-500x500.jpg 500w, https:\/\/barlettiwaas.eu\/wp-content\/uploads\/2026\/05\/spucken-wir-auf-hegel.jpg 1280w\" sizes=\"auto, (max-width: 1024px) 100vw, 1024px\" \/><\/figure>\n\n\n\n<p><strong>Denkwerkstatt<\/strong><\/p>\n\n\n\n<p><em>\u201eWir haben 4000 Jahre lang zugeschaut, jetzt haben wir es gesehen.\u201c<\/em><\/p>\n\n\n\n<p>Mit dem Manifest der italienischen Feministin&nbsp;<em>Carla Lonzi<\/em>&nbsp;er\u00f6ffnen&nbsp;<em>Lea Barletti&nbsp;<\/em>und&nbsp;<em>Werner Waas<\/em>&nbsp;einen Abend des k\u00e4mpferischen Infragestellens und des tastenden Erkundens gleichberechtigter Beziehungen.<\/p>\n\n\n\n<p>In vier Gespr\u00e4chen diskutierte die derzeit nicht nur in Italien wiederentdeckte Vordenkerin des philosophischen Feminismus mit ihrem Partner&nbsp;<em>Pietro Consagra<\/em>&nbsp;\u00fcber Kunst, Liebe, Gleichheit und Machtverh\u00e4ltnisse. Es geht um die Rolle der Frau, um die Idealisierung des (m\u00e4nnlichen) Genies und um das Bed\u00fcrfnis nach Bewunderung. Lonzis radikale Antwort auf das alles lautete: \u201eGeh ruhig!\u201c<\/p>\n\n\n\n<p>Die erinnernde Performance zeigt die Ergebnisse einer Residenz am TD Berlin und bringt revolution\u00e4re Texte der 1970er Jahre mit Briefen, Tr\u00e4umen und Gedichten in Dialog. Ihre Reise durch f\u00fcnf Jahrzehnte Feminismus, Philosophie, Religion, Familie und Marxismus ist ein immer noch hochaktueller Prozess der Selbstbewusstwerdung. Lieder, Musik, Gespr\u00e4che und Pausen strukturieren das gemeinsame Nachdenken. Das Publikum erwartet keine fertige Erz\u00e4hlung; es sitzt im selben Denkraum &#8211; auf den Spuren von&nbsp;<em>Carla Lonzi<\/em>&nbsp;und aller anderen Frauen, die dem Wahnsinn patriarchaler Machtaus\u00fcbung etwas entgegensetzten.<\/p>\n\n\n\n<hr class=\"wp-block-separator has-alpha-channel-opacity\"\/>\n\n\n\n<p><strong>Idee \/ Regie \/ Spiel&nbsp;<\/strong>Lea Barletti \/ Werner Waas&nbsp;<strong>Musik&nbsp;<\/strong>Mareike Hube \/ Harald Wissler&nbsp;<strong>Raum&nbsp;<\/strong>Elke Graalfs&nbsp;<strong>Gef\u00f6rdert durch<\/strong>&nbsp;eine NFT-Netzwerk-Residenz am TD Berlin&nbsp;<strong>Erm\u00f6glicht&nbsp;<\/strong>durch den Fonds Darstellende K\u00fcnste aus Mitteln des Beauftragten f\u00fcr Kultur und Medien&nbsp;<strong>Koproduktion&nbsp;<\/strong>TD Berlin<\/p>\n","protected":false},"excerpt":{"rendered":"<p>nach Carla Lonzi 2025 Denkwerkstatt \u201eWir haben 4000 Jahre lang zugeschaut, jetzt haben wir es gesehen.\u201c Mit dem Manifest der italienischen Feministin&nbsp;Carla Lonzi&nbsp;er\u00f6ffnen&nbsp;Lea Barletti&nbsp;und&nbsp;Werner Waas&nbsp;einen Abend des k\u00e4mpferischen Infragestellens und des tastenden Erkundens gleichberechtigter Beziehungen. In vier Gespr\u00e4chen diskutierte die derzeit nicht nur in Italien wiederentdeckte Vordenkerin des philosophischen Feminismus mit ihrem Partner&nbsp;Pietro Consagra&nbsp;\u00fcber Kunst, [&hellip;]<\/p>\n","protected":false},"author":1,"featured_media":0,"parent":0,"menu_order":0,"comment_status":"closed","ping_status":"closed","template":"","meta":{"footnotes":""},"class_list":["post-1305","page","type-page","status-publish","hentry"],"jetpack_sharing_enabled":true,"_links":{"self":[{"href":"https:\/\/barlettiwaas.eu\/index.php?rest_route=\/wp\/v2\/pages\/1305","targetHints":{"allow":["GET"]}}],"collection":[{"href":"https:\/\/barlettiwaas.eu\/index.php?rest_route=\/wp\/v2\/pages"}],"about":[{"href":"https:\/\/barlettiwaas.eu\/index.php?rest_route=\/wp\/v2\/types\/page"}],"author":[{"embeddable":true,"href":"https:\/\/barlettiwaas.eu\/index.php?rest_route=\/wp\/v2\/users\/1"}],"replies":[{"embeddable":true,"href":"https:\/\/barlettiwaas.eu\/index.php?rest_route=%2Fwp%2Fv2%2Fcomments&post=1305"}],"version-history":[{"count":1,"href":"https:\/\/barlettiwaas.eu\/index.php?rest_route=\/wp\/v2\/pages\/1305\/revisions"}],"predecessor-version":[{"id":1308,"href":"https:\/\/barlettiwaas.eu\/index.php?rest_route=\/wp\/v2\/pages\/1305\/revisions\/1308"}],"wp:attachment":[{"href":"https:\/\/barlettiwaas.eu\/index.php?rest_route=%2Fwp%2Fv2%2Fmedia&parent=1305"}],"curies":[{"name":"wp","href":"https:\/\/api.w.org\/{rel}","templated":true}]}}