{"id":23,"date":"2016-12-01T11:03:49","date_gmt":"2016-12-01T11:03:49","guid":{"rendered":"http:\/\/barlettiwaas.eu\/?page_id=23"},"modified":"2020-01-17T09:33:20","modified_gmt":"2020-01-17T09:33:20","slug":"chi-siamo-ueber-uns","status":"publish","type":"page","link":"https:\/\/barlettiwaas.eu\/?page_id=23","title":{"rendered":"Chi siamo \/ \u00dcber uns"},"content":{"rendered":"<p><em>(scroll down for translation)<\/em><\/p>\n<p><img loading=\"lazy\" decoding=\"async\" class=\"alignnone wp-image-25 aligncenter\" src=\"https:\/\/barlettiwaas.eu\/wp-content\/uploads\/2016\/12\/florian-autodiffamazione-di-spalle5-300x179.jpg\" alt=\"florian-autodiffamazione-di-spalle5\" width=\"1346\" height=\"803\" srcset=\"https:\/\/barlettiwaas.eu\/wp-content\/uploads\/2016\/12\/florian-autodiffamazione-di-spalle5-300x179.jpg 300w, https:\/\/barlettiwaas.eu\/wp-content\/uploads\/2016\/12\/florian-autodiffamazione-di-spalle5.jpg 680w\" sizes=\"auto, (max-width: 1346px) 100vw, 1346px\" \/><\/p>\n<h1><\/h1>\n<p class=\"western\"><span lang=\"de-DE\">Wir arbeiten als Paar und als K\u00fcnstler an Zwischenr\u00e4umen.<\/span><\/p>\n<p class=\"western\">Ci interessa un discorso sul mondo. Ci interessa un discorso che crei un mondo, quel mondo che nasce tra due persone che discutono, tra gli attore e gli spettatori, tra un attore e un altro attore, tra il testo e l\u2019azione, tra la parola e la presenza, tra il gesto e la musica, e tutte le altre possibili combinazioni che fanno di uno spettacolo dal vivo, uno spettacolo vivo.<\/p>\n<p class=\"western\"><span lang=\"de-DE\">Wir sind das zuf\u00e4llige Ich, das in sich die Welt erf\u00e4hrt, sich selbst als Abbild der anderen, als Teil eines Organismus, einer Landschaft.<\/span><\/p>\n<p class=\"western\">Non ci interessa parlare di noi, ci interessa parlare attraverso di noi, attraverso i nostri corpi, le nostre lingue, del mondo. Ci interessano testi attraverso i quali rendere possibile questo discorso, ci interessa farci portatori e testimoni di quei testi, essere strumento del testo e al contempo usare il testo come strumento.<\/p>\n<p class=\"western\"><span lang=\"de-DE\">Unsere Sprachlosigkeit, unser Scheitern, unser Mut und unsere Beharrlichkeit entspringen <\/span><span lang=\"de-DE\">unserer<\/span><span lang=\"de-DE\"> Empathie mit der getretenen Welt.<\/span><\/p>\n<p class=\"western\">Non ci interessa essere migliori, ci interessa essere comprensibili, non ci interessa essere cool, ci interessa essere vulnerabili, non ci interessa prendere le distanze, ci interessa andare a guardare da vicino, non ci interessa fare del bel teatro, ci interessa fare teatro, non ci interessa lavarcene le mani, ci interessa.<\/p>\n<p class=\"western\"><span lang=\"de-DE\">Wir suchen nach einer M\u00f6glichkeit des Ausdrucks, die nicht vorherbestimmt ist. Wir suchen nach einem Sagen, das nicht nur am w\u00f6rtlichen Sinn kleben bleibt, das sich frech herausnimmt, neue Wege zu gehen. Dabei macht uns nicht zuletzt das Zer<\/span><span lang=\"de-DE\">setzen<\/span><span lang=\"de-DE\"> vorgefasster Meinungen Spass.<\/span><\/p>\n<p class=\"western\">Non abbiamo nulla da insegnare, nessuna verit\u00e0 da rivelare, nessun segreto da condividere o custodire: abbiamo da parlare, domandare, interrogare le parole e le cose, dare un nome alle emozioni e alle relazioni, cercare un senso, cercare una strada, cercare casa.<\/p>\n<p class=\"western\"><a name=\"__DdeLink__2004_807012284\"><\/a><span lang=\"de-DE\">Wir wechseln st\u00e4ndig zwischen Sprachen und Formen, weil wir einfach nicht zuhause sind, dort wo wir hineingeboren wurden und uns mit Selbstverst\u00e4ndlichkeiten schwer tun.<\/span><\/p>\n<p class=\"western\"><a href=\"https:\/\/barlettiwaas.eu\/?page_id=53\">Lea Barletti<\/a>\u00a0 \u00a0 \u00a0 \u00a0 \u00a0 \u00a0 \u00a0 \u00a0 \u00a0<a href=\"https:\/\/barlettiwaas.eu\/?page_id=55\">Werner Waas<\/a><\/p>\n<h1 class=\"western\"><\/h1>\n<h1 class=\"western\"><strong>\u00dcber uns \/ Chi siamo<\/strong><\/h1>\n<p><img loading=\"lazy\" decoding=\"async\" class=\"alignnone wp-image-320\" src=\"https:\/\/barlettiwaas.eu\/wp-content\/uploads\/2016\/12\/Florian-Autodiffamazione-13-300x161.jpg\" alt=\"\" width=\"1370\" height=\"735\" srcset=\"https:\/\/barlettiwaas.eu\/wp-content\/uploads\/2016\/12\/Florian-Autodiffamazione-13-300x161.jpg 300w, https:\/\/barlettiwaas.eu\/wp-content\/uploads\/2016\/12\/Florian-Autodiffamazione-13-768x413.jpg 768w\" sizes=\"auto, (max-width: 1370px) 100vw, 1370px\" \/><\/p>\n<p>Lavoriamo come coppia e come artisti sugli interstizi.<\/p>\n<p>Uns interessiert ein Diskurs \u00fcber die Welt. Uns interessiert ein Diskurs, der Welt erschafft, jene Welt, die entsteht zwischen zweien, wenn sie\u00a0diskutieren, zwischen einem Schauspieler und einem Zuschauer, zwischen einem Schauspieler und einem anderen Schauspieler, zwischen Text und Aktion, zwischen Wort und Pr\u00e4senz, zwischen Geste und Musik, und alle anderen Kombinationen, die aus einer Liveperformance eine Liveperformance machen.<\/p>\n<p>Noi siamo &#8220;l\u00b4Io per caso&#8221;, che scopre il mondo dentro di s\u00e9, che scopre se stesso come immagine dell\u00b4altro, come parte di un organismo, di un paesaggio.<\/p>\n<p>Uns interessiert es nicht, von uns zu sprechen, uns interessiert durch uns hindurch von der Welt zu sprechen, durch unsere K\u00f6rper hindurch, unsere Sprachen. Uns interessieren Texte, durch die dieser Diskurs m\u00f6glich wird. Uns interessiert es, Botschafter und Zeuge dieser Texte zu sein, Instrument des Textes zu sein und gleichzeitig den Text als Instrument zu benutzen.<\/p>\n<p>Il nostro essere senza parole, i nostri fallimenti, il nostro coraggio e la nostra perseveranza nascono dall\u00b4empatia con il mondo calpestato.<\/p>\n<p>Uns interessiert nicht, besser zu sein, uns interessiert, verst\u00e4ndlich zu sein, uns interessiert nicht, cool zu sein, uns interessiert, verletzbar zu sein, uns interessiert nicht, auf Distanz zu gehen, uns interessiert, die Dinge aus der N\u00e4he zu betrachten, uns interessiert nicht, h\u00fcbsches Theater zu machen, uns interessiert, Theater zu machen, uns interessiert nicht den Pontius Pilatus zu spielen, uns interessiert es.<\/p>\n<p>Cerchiamo delle possibilit\u00e0 d\u00b4espressione, che non siano prefigurate. Siamo alla ricerca di\u00a0un modo di parlare, che non resti incollato al senso letterale, che si prenda la libert\u00e0 di incamminarsi su strade nuove. In questo ci procura un certo piacere anche\u00a0la frantumazione di opinioni correnti.<\/p>\n<p>Wir haben niemand etwas beizubringen, wir haben keine Wahrheit zu verk\u00fcnden, kein Geheimnis zu er\u00f6ffnen oder zu h\u00fcten: wir haben nur zu sprechen, zu fragen, W\u00f6rter und Dinge zu hinterfragen, den Empfindungen und Beziehungen einen Namen zu geben, einen Sinn zu suchen, einen Weg zu suchen, ein Zuhause zu suchen.<\/p>\n<p>Noi cambiamo in continuazione fra lingue e forme perch\u00e9 semplicemente non siamo a casa l\u00ec dove siamo finiti nascendo a facciamo fatica ad accettare le ovviet\u00e0.<\/p>\n<p><a href=\"https:\/\/barlettiwaas.eu\/?page_id=53\">Lea Barletti<\/a>\u00a0 \u00a0 \u00a0 \u00a0 \u00a0 \u00a0 \u00a0 \u00a0 \u00a0<a href=\"https:\/\/barlettiwaas.eu\/?page_id=55\">Werner Waas<\/a><\/p>\n","protected":false},"excerpt":{"rendered":"<p>(scroll down for translation) Wir arbeiten als Paar und als K\u00fcnstler an Zwischenr\u00e4umen. Ci interessa un discorso sul mondo. Ci interessa un discorso che crei un mondo, quel mondo che nasce tra due persone che discutono, tra gli attore e gli spettatori, tra un attore e un altro attore, tra il testo e l\u2019azione, tra [&hellip;]<\/p>\n","protected":false},"author":1,"featured_media":0,"parent":0,"menu_order":0,"comment_status":"closed","ping_status":"closed","template":"","meta":{"footnotes":""},"class_list":["post-23","page","type-page","status-publish","hentry"],"jetpack_sharing_enabled":true,"_links":{"self":[{"href":"https:\/\/barlettiwaas.eu\/index.php?rest_route=\/wp\/v2\/pages\/23","targetHints":{"allow":["GET"]}}],"collection":[{"href":"https:\/\/barlettiwaas.eu\/index.php?rest_route=\/wp\/v2\/pages"}],"about":[{"href":"https:\/\/barlettiwaas.eu\/index.php?rest_route=\/wp\/v2\/types\/page"}],"author":[{"embeddable":true,"href":"https:\/\/barlettiwaas.eu\/index.php?rest_route=\/wp\/v2\/users\/1"}],"replies":[{"embeddable":true,"href":"https:\/\/barlettiwaas.eu\/index.php?rest_route=%2Fwp%2Fv2%2Fcomments&post=23"}],"version-history":[{"count":20,"href":"https:\/\/barlettiwaas.eu\/index.php?rest_route=\/wp\/v2\/pages\/23\/revisions"}],"predecessor-version":[{"id":868,"href":"https:\/\/barlettiwaas.eu\/index.php?rest_route=\/wp\/v2\/pages\/23\/revisions\/868"}],"wp:attachment":[{"href":"https:\/\/barlettiwaas.eu\/index.php?rest_route=%2Fwp%2Fv2%2Fmedia&parent=23"}],"curies":[{"name":"wp","href":"https:\/\/api.w.org\/{rel}","templated":true}]}}