{"id":622,"date":"2018-03-22T15:01:48","date_gmt":"2018-03-22T15:01:48","guid":{"rendered":"http:\/\/barlettiwaas.eu\/?page_id=622"},"modified":"2018-03-22T15:01:48","modified_gmt":"2018-03-22T15:01:48","slug":"tristezza-malinconia","status":"publish","type":"page","link":"https:\/\/barlettiwaas.eu\/?page_id=622","title":{"rendered":"Tristezza &#038; Malinconia"},"content":{"rendered":"<div class=\"one-half column-block\">\n<h2><img loading=\"lazy\" decoding=\"async\" class=\"alignnone size-medium wp-image-624\" src=\"https:\/\/barlettiwaas.eu\/wp-content\/uploads\/2018\/03\/P1010309-300x169.jpg\" alt=\"\" width=\"300\" height=\"169\" srcset=\"https:\/\/barlettiwaas.eu\/wp-content\/uploads\/2018\/03\/P1010309-300x169.jpg 300w, https:\/\/barlettiwaas.eu\/wp-content\/uploads\/2018\/03\/P1010309-768x432.jpg 768w, https:\/\/barlettiwaas.eu\/wp-content\/uploads\/2018\/03\/P1010309-1024x575.jpg 1024w\" sizes=\"auto, (max-width: 300px) 100vw, 300px\" \/><\/h2>\n<h2>Tristezza &amp; Malinconia<br \/>\no il pi\u00f9 solo solissimo George di tutti tutti i tempi<\/h2>\n<h3><strong>di<\/strong>\u00a0Bonn Park<\/h3>\n<p><strong>un progetto di e con<\/strong>\u00a0Lea Barletti e Werner Waas<br \/>\n<strong>e con<\/strong>\u00a0Simona Senzacqua<br \/>\n<strong>traduzione a cura di<\/strong>\u00a0Lea Barletti e Werner Waas\u00a0<strong>con il sostegno del<\/strong>\u00a0Goethe-Institut<br \/>\n<strong>coproduzione<\/strong>\u00a0Compagnia Barletti\/Waas nell\u2019ambito di Fabulamundi \u2013 Playwriting Europe con AREA 06 e ItzBerlin e.V.<\/p>\n<\/div>\n<div class=\"one-half column-block\">\n<p align=\"justify\"><em><strong>Narratrice:<\/strong>\u00a0Come ti si pu\u00f2 rendere felice, George?<\/em><br \/>\n<em><strong>George il Solo:<\/strong>\u00a0Vorrei tanto morire. Nella conca di sabbia in cui sono nato. Con vista sul mare. In pace e al tramonto.<\/em><br \/>\n<em><strong>Narratrice:<\/strong>\u00a0Purtroppo non \u00e8 possibile.<\/em><br \/>\n<em><strong>George il Solo:<\/strong>\u00a0Okay.<\/em><\/p>\n<p align=\"justify\">C\u2019era questa tartaruga alle Galapagos chiamata Lonesome George. Fu l\u2019ultima della sua specie. Non ha pi\u00f9 nulla da fare. Non biologicamente perch\u00e9 non c\u2019\u00e8 nessuno con cui riprodursi n\u00e9 politicamente o n\u00e9 per qualsiasi altra cosa. Solo due settimane dopo che Bonn Park ha iniziato la scrittura di questo testo, nella vita reale Lonesome George \u00e8 morto.<\/p>\n<p>Nel testo invece George vorrebbe tanto morire, ma questo appunto non \u00e8 possibile: cos\u00ec almeno gli dice la sua compagna in scena, nonch\u00e9 narratrice e demiurga. E\u2019 dialogando con lei che George fornisce informazioni su di s\u00e9 e sulla sua vita lunga quanto il mondo, che intraprende tentativi di nuovi esordi, nuovi accoppiamenti forzati, nuovi viaggi, mentre cambia forma e identit\u00e0 o contempla ripetutamente favole eterne di principi e principesse o si abbandona ad osservazioni filosofiche che girano su se stesse. Questo racconto parla di tempo, di mondo, di temi caldi, di amore, di odio, di lacrime, di tutto.<\/p>\n<p align=\"justify\">Forse si tratta di un elogio della depressione, forse il tutto \u00e8 un depressivo divertissement o un depressivum filosofico. Certo \u00e8 che mentre George traccia i suoi sentieri, il tempo passa e apparentemente non succede nulla. E\u2019 un ritratto della nostra comune apatia tutta contemporanea dell\u2019essere, del disincanto di noi animali umani svagati e filosofici perch\u00e9 coscienti, fin troppo, della nostra innata precariet\u00e0. Una vera e propria specie in estinzione.<\/p>\n<\/div>\n<p align=\"justify\"><strong>Links a critiche:<\/strong><\/p>\n<p align=\"justify\"><a href=\"http:\/\/www.cultweek.com\/tristezza-e-malinconia\/\">http:\/\/www.cultweek.com\/tristezza-e-malinconia\/<\/a><\/p>\n<p align=\"justify\"><a href=\"http:\/\/www.milanoteatri.it\/recensione-tristezza-malinconia\/\">http:\/\/www.milanoteatri.it\/recensione-tristezza-malinconia\/<\/a><\/p>\n<p align=\"justify\"><a href=\"http:\/\/www.agendaviaggi.com\/bonn-park-un-giovane-drammaturgo-tedesco-tenere-docchio\/\">http:\/\/www.agendaviaggi.com\/bonn-park-un-giovane-drammaturgo-tedesco-tenere-docchio\/<\/a><\/p>\n<p align=\"justify\">\n<p align=\"justify\"><strong>Link al video della lettura scenica a Short Theatre:<\/strong><\/p>\n<p align=\"justify\"><a href=\"http:\/\/www.e-performance.tv\/2015\/10\/tristezza-o-il-piu-solo-solissismo.html\">http:\/\/www.e-performance.tv\/2015\/10\/tristezza-o-il-piu-solo-solissismo.html<\/a><\/p>\n<p align=\"justify\">\n","protected":false},"excerpt":{"rendered":"<p>Tristezza &amp; Malinconia o il pi\u00f9 solo solissimo George di tutti tutti i tempi di\u00a0Bonn Park un progetto di e con\u00a0Lea Barletti e Werner Waas e con\u00a0Simona Senzacqua traduzione a cura di\u00a0Lea Barletti e Werner Waas\u00a0con il sostegno del\u00a0Goethe-Institut coproduzione\u00a0Compagnia Barletti\/Waas nell\u2019ambito di Fabulamundi \u2013 Playwriting Europe con AREA 06 e ItzBerlin e.V. Narratrice:\u00a0Come ti [&hellip;]<\/p>\n","protected":false},"author":1,"featured_media":0,"parent":0,"menu_order":0,"comment_status":"closed","ping_status":"closed","template":"","meta":{"footnotes":""},"class_list":["post-622","page","type-page","status-publish","hentry"],"jetpack_sharing_enabled":true,"_links":{"self":[{"href":"https:\/\/barlettiwaas.eu\/index.php?rest_route=\/wp\/v2\/pages\/622","targetHints":{"allow":["GET"]}}],"collection":[{"href":"https:\/\/barlettiwaas.eu\/index.php?rest_route=\/wp\/v2\/pages"}],"about":[{"href":"https:\/\/barlettiwaas.eu\/index.php?rest_route=\/wp\/v2\/types\/page"}],"author":[{"embeddable":true,"href":"https:\/\/barlettiwaas.eu\/index.php?rest_route=\/wp\/v2\/users\/1"}],"replies":[{"embeddable":true,"href":"https:\/\/barlettiwaas.eu\/index.php?rest_route=%2Fwp%2Fv2%2Fcomments&post=622"}],"version-history":[{"count":1,"href":"https:\/\/barlettiwaas.eu\/index.php?rest_route=\/wp\/v2\/pages\/622\/revisions"}],"predecessor-version":[{"id":626,"href":"https:\/\/barlettiwaas.eu\/index.php?rest_route=\/wp\/v2\/pages\/622\/revisions\/626"}],"wp:attachment":[{"href":"https:\/\/barlettiwaas.eu\/index.php?rest_route=%2Fwp%2Fv2%2Fmedia&parent=622"}],"curies":[{"name":"wp","href":"https:\/\/api.w.org\/{rel}","templated":true}]}}