{"id":766,"date":"2019-04-24T08:21:47","date_gmt":"2019-04-24T08:21:47","guid":{"rendered":"http:\/\/barlettiwaas.eu\/?page_id=766"},"modified":"2019-04-24T08:21:47","modified_gmt":"2019-04-24T08:21:47","slug":"arkadia-von-herbert-achternbusch","status":"publish","type":"page","link":"https:\/\/barlettiwaas.eu\/?page_id=766","title":{"rendered":"&#8220;Arkadia&#8221; von Herbert Achternbusch"},"content":{"rendered":"\n<p>Mit: Werner Waas und Harald Wissler | Produktion und Regie: Barletti\/Waas | B\u00fchne: Markus B\u00fchler | Mitarbeit und Outside Eye: Lea Barletti | Assistenz und Video: Paolo Costantini<\/p>\n\n\n\n<figure class=\"wp-block-image\"><img loading=\"lazy\" decoding=\"async\" width=\"1024\" height=\"576\" src=\"https:\/\/barlettiwaas.eu\/wp-content\/uploads\/2019\/04\/Beide-mit-Masken-1024x576.jpg\" alt=\"\" class=\"wp-image-767\" srcset=\"https:\/\/barlettiwaas.eu\/wp-content\/uploads\/2019\/04\/Beide-mit-Masken-1024x576.jpg 1024w, https:\/\/barlettiwaas.eu\/wp-content\/uploads\/2019\/04\/Beide-mit-Masken-300x169.jpg 300w, https:\/\/barlettiwaas.eu\/wp-content\/uploads\/2019\/04\/Beide-mit-Masken-768x432.jpg 768w, https:\/\/barlettiwaas.eu\/wp-content\/uploads\/2019\/04\/Beide-mit-Masken.jpg 1920w\" sizes=\"auto, (max-width: 1024px) 100vw, 1024px\" \/><\/figure>\n\n\n\n<p>Urauff\u00fchrung am 9. M\u00e4rz im Kunstverein Ebersberg<\/p>\n\n\n\n<p>weitere Auff\u00fchrungen: SPERR-Tage-Kleines Theater Landshut 5. April, Theaterdiscounter Berlin 27.+28. April, Kunstverein Rosenheim 24.Mai, HochX M\u00fcnchen 25.+26.Mai<\/p>\n\n\n\n<p><em>In seinem letzten,&nbsp;<\/em><em>ver\u00f6ffentlichten<\/em><em>&nbsp;Text l\u00e4sst Herbert Achternbusch dem Denken noch einmal freie Z\u00fcgel, l\u00e4sst es treiben bis zur Unverst\u00e4ndlichkeit, zur Selbstaufl\u00f6sung, zum Erl\u00f6schen des Worts in der Finsternis. \u201eBist du schon tot?\u201c fragt Alkibiades unvermittelt seinen Freund und Lehrer Sokrates auf ihrer Reise von Athen nach Olympia. Zu diesem Zeitpunkt sind beide wohl schon lange tot. Es ist n\u00e4mlich ihre letzte Reise. Aber das Denken geht noch weiter, zersetzt unerbittlich alles, was ihm \u00fcber den Weg l\u00e4uft &#8211; radikal und unvorhersehbar.<\/em><\/p>\n\n\n\n<p>Ein B\u00fchnenraum, zwei Schauspieler, Masken \u2013 nichts wird vorgespielt. Es wird gedacht, was gesprochen wird. Den<\/p>\n\n\n\n<p>Gedanken, den W\u00f6rtern wird Raum und Zeit gegeben, da zu sein, verstanden zu werden, Bilder und Gef\u00fchle zu generieren und mit sich in Verbindung zu treten. Das Publikum wird Zeuge eines Denkprozesses, der assoziativ vorgeht und auf die Kraft von Sprache setzt.&nbsp;<em>Arkadia<\/em>&nbsp;\u2013 eine Reise ins Nichts mit G\u00f6ttern, Denkern, Tieren, Wolken, Bauten, Fl\u00fcssen und viel Tee.<\/p>\n\n\n\n<p>Mit freundlicher Unterst\u00fctzung durch den Kunstverein Ebersberg, das Metatheater Moosach und das Itz Berlin e.V<\/p>\n\n\n\n<p><strong>Pressestimmen<\/strong>:<em>&#8220;Den Berliner Theatermachern&nbsp;Lea Barletti und Werner Waas gelingt&nbsp;es, Achternbuschs komplexen,&nbsp;sprunghaften Text \u201eArkadia\u201c als&nbsp;existentielle Parabel \u00e0 la Becketts&nbsp;\u201eWarten auf Godot\u201c, gleichzeitig als&nbsp;parodistische Synthese aus bayerischem&nbsp;Sprachkolorit und griechischem&nbsp;Mythos zu inszenieren.&#8221;<\/em><br>Michaela Schnabel, Landshuter Zeitung, 9.April 2019<br><a href=\"https:\/\/www.sueddeutsche.de\/kultur\/theater-kaempfen-bis-zum-schweigen-1.4318781\" target=\"_blank\" rel=\"noreferrer noopener\">https:\/\/www.sueddeutsche.de\/kultur\/theater-kaempfen-bis-zum-schweigen-1.4318781<\/a><br><\/p>\n\n\n\n<table class=\"wp-block-table\"><tbody><tr><td><a href=\"https:\/\/www.sueddeutsche.de\/kultur\/theater-kaempfen-bis-zum-schweigen-1.4318781\" target=\"_blank\" rel=\"noreferrer noopener\"><\/a><\/td><td><a href=\"https:\/\/www.sueddeutsche.de\/kultur\/theater-kaempfen-bis-zum-schweigen-1.4318781\" target=\"_blank\" rel=\"noreferrer noopener\">Theater &#8211; K\u00e4mpfen bis zum Schweigen &#8211; Kultur &#8211; S\u00fcddeutsche.de<\/a>Dass einer wie Herbert Achternbusch nicht einfach schw\u00e4rmt vom alten Sehnsuchtsort Arkadien, kann kaum verwundern. Ist der M\u00fcnchner Autor und Filmemacher doch vielmehr bekannt f\u00fcr provokante &#8230;www.sueddeutsche.de<\/td><\/tr><\/tbody><\/table>\n\n\n\n<p><a href=\"https:\/\/www.sueddeutsche.de\/muenchen\/ebersberg\/urauffuehrung-von-arkadia-krise-des-antiken-mannes-1.4362435\">https:\/\/www.sueddeutsche.de\/muenchen\/ebersberg\/urauffuehrung-von-arkadia-krise-des-antiken-mannes-1.4362435<\/a><\/p>\n\n\n\n<table class=\"wp-block-table\"><tbody><tr><td><a href=\"https:\/\/www.sueddeutsche.de\/muenchen\/ebersberg\/urauffuehrung-von-arkadia-krise-des-antiken-mannes-1.4362435\" target=\"_blank\" rel=\"noreferrer noopener\"><\/a><\/td><td><a href=\"https:\/\/www.sueddeutsche.de\/muenchen\/ebersberg\/urauffuehrung-von-arkadia-krise-des-antiken-mannes-1.4362435\" target=\"_blank\" rel=\"noreferrer noopener\">Urauff\u00fchrung von &#8220;Arkadia&#8221; &#8211; Krise des antiken Mannes &#8211; Ebersberg &#8211; S\u00fcddeutsche.de<\/a>Laut Platon versp\u00fcren Menschen Sehnsucht nur aus Mangel. Frustration sei unausweichlich, wenn der Mensch einmal das bekomme, was er wollte. Keine guten Aussichten f\u00fcr den Kunstverein Ebersberg &#8230;www.sueddeutsche.de<\/td><\/tr><\/tbody><\/table>\n\n\n\n<figure class=\"wp-block-embed-wordpress wp-block-embed is-type-wp-embed is-provider-schabel-kultur-blog\"><div class=\"wp-block-embed__wrapper\">\n<blockquote class=\"wp-embedded-content\" data-secret=\"bLpFLhxWpf\"><a href=\"https:\/\/schabel-kultur-blog.de\/theater\/landshuter-kammerspiele-achterbuschs-arkadia\/\">Landshuter Kammerspiele &#8211; Achterbuschs &#8222;Arkadia&#8220;<\/a><\/blockquote><iframe loading=\"lazy\" class=\"wp-embedded-content\" sandbox=\"allow-scripts\" security=\"restricted\" style=\"position: absolute; clip: rect(1px, 1px, 1px, 1px);\" src=\"https:\/\/schabel-kultur-blog.de\/theater\/landshuter-kammerspiele-achterbuschs-arkadia\/embed\/#?secret=bLpFLhxWpf\" data-secret=\"bLpFLhxWpf\" width=\"600\" height=\"338\" title=\"&#8222;Landshuter Kammerspiele &#8211; Achterbuschs &#8222;Arkadia&#8220;&#8220; &#8212; Schabel Kultur-blog\" frameborder=\"0\" marginwidth=\"0\" marginheight=\"0\" scrolling=\"no\"><\/iframe>\n<\/div><\/figure>\n","protected":false},"excerpt":{"rendered":"<p>Mit: Werner Waas und Harald Wissler | Produktion und Regie: Barletti\/Waas | B\u00fchne: Markus B\u00fchler | Mitarbeit und Outside Eye: Lea Barletti | Assistenz und Video: Paolo Costantini Urauff\u00fchrung am 9. M\u00e4rz im Kunstverein Ebersberg weitere Auff\u00fchrungen: SPERR-Tage-Kleines Theater Landshut 5. April, Theaterdiscounter Berlin 27.+28. April, Kunstverein Rosenheim 24.Mai, HochX M\u00fcnchen 25.+26.Mai In seinem letzten,&nbsp;ver\u00f6ffentlichten&nbsp;Text [&hellip;]<\/p>\n","protected":false},"author":1,"featured_media":0,"parent":0,"menu_order":0,"comment_status":"closed","ping_status":"closed","template":"","meta":{"footnotes":""},"class_list":["post-766","page","type-page","status-publish","hentry"],"jetpack_sharing_enabled":true,"_links":{"self":[{"href":"https:\/\/barlettiwaas.eu\/index.php?rest_route=\/wp\/v2\/pages\/766","targetHints":{"allow":["GET"]}}],"collection":[{"href":"https:\/\/barlettiwaas.eu\/index.php?rest_route=\/wp\/v2\/pages"}],"about":[{"href":"https:\/\/barlettiwaas.eu\/index.php?rest_route=\/wp\/v2\/types\/page"}],"author":[{"embeddable":true,"href":"https:\/\/barlettiwaas.eu\/index.php?rest_route=\/wp\/v2\/users\/1"}],"replies":[{"embeddable":true,"href":"https:\/\/barlettiwaas.eu\/index.php?rest_route=%2Fwp%2Fv2%2Fcomments&post=766"}],"version-history":[{"count":1,"href":"https:\/\/barlettiwaas.eu\/index.php?rest_route=\/wp\/v2\/pages\/766\/revisions"}],"predecessor-version":[{"id":769,"href":"https:\/\/barlettiwaas.eu\/index.php?rest_route=\/wp\/v2\/pages\/766\/revisions\/769"}],"wp:attachment":[{"href":"https:\/\/barlettiwaas.eu\/index.php?rest_route=%2Fwp%2Fv2%2Fmedia&parent=766"}],"curies":[{"name":"wp","href":"https:\/\/api.w.org\/{rel}","templated":true}]}}