{"id":950,"date":"2021-05-13T10:23:20","date_gmt":"2021-05-13T10:23:20","guid":{"rendered":"http:\/\/barlettiwaas.eu\/?page_id=950"},"modified":"2023-10-13T13:21:41","modified_gmt":"2023-10-13T13:21:41","slug":"antigone-kammertragodie-tragedia-da-camera","status":"publish","type":"page","link":"https:\/\/barlettiwaas.eu\/?page_id=950","title":{"rendered":"Antigone &#8211; Kammertrag\u00f6die \/ tragedia da camera"},"content":{"rendered":"\n<figure class=\"wp-block-image size-large\"><img loading=\"lazy\" decoding=\"async\" width=\"1024\" height=\"767\" src=\"https:\/\/barlettiwaas.eu\/wp-content\/uploads\/2021\/12\/IMG-20211019-WA0002-1024x767.jpg\" alt=\"\" class=\"wp-image-972\" srcset=\"https:\/\/barlettiwaas.eu\/wp-content\/uploads\/2021\/12\/IMG-20211019-WA0002-1024x767.jpg 1024w, https:\/\/barlettiwaas.eu\/wp-content\/uploads\/2021\/12\/IMG-20211019-WA0002-300x225.jpg 300w, https:\/\/barlettiwaas.eu\/wp-content\/uploads\/2021\/12\/IMG-20211019-WA0002-768x576.jpg 768w, https:\/\/barlettiwaas.eu\/wp-content\/uploads\/2021\/12\/IMG-20211019-WA0002-1536x1151.jpg 1536w, https:\/\/barlettiwaas.eu\/wp-content\/uploads\/2021\/12\/IMG-20211019-WA0002.jpg 1600w\" sizes=\"auto, (max-width: 1024px) 100vw, 1024px\" \/><\/figure>\n\n\n\n<p class=\"has-text-align-center\">Regie\/regia: Barletti\/Waas;<\/p>\n\n\n\n<p class=\"has-text-align-center\">Spiel\/recitazione: Lea Barletti und Werner Waas;<\/p>\n\n\n\n<p class=\"has-text-align-center\">sound design Chor: Luca Canciello<\/p>\n\n\n\n<p class=\"has-text-align-center\">\u00dcbersetzung\/traduzione: Friedrich H\u00f6lderlin (deutsch), Fabrizio Sinisi (italienisch)<\/p>\n\n\n\n<p class=\"has-text-align-center\">Dauer\/durata 80&#8242;<\/p>\n\n\n\n<p>link video: <a href=\"https:\/\/vimeo.com\/826133234?share=copy\">https:\/\/vimeo.com\/manage\/videos\/826133234 <\/a>(per la password contattateci!)<\/p>\n\n\n\n<p><strong>Recensioni<\/strong>: <\/p>\n\n\n\n<p><a href=\"http:\/\/www.dramma.it\/index.php?option=com_content&amp;view=article&amp;id=32643:una-tragedia-da-camera&amp;catid=40:articoli&amp;Itemid=12\" target=\"_blank\" rel=\"noreferrer noopener\">recensione Antigone Genova<\/a><\/p>\n\n\n\n<p><a href=\"https:\/\/www.locacritica.com\/post\/antigone-di-barletti-waas-ti-stai-sbagliando-chi-hai-visto-non-%C3%A8-antigone\" target=\"_blank\" rel=\"noreferrer noopener\">https:\/\/www.locacritica.com<\/a><\/p>\n\n\n\n<p><a href=\"https:\/\/www.teatroecritica.net\/2022\/07\/nel-ventre-di-napoli-lo-spazio-dellarte-e-un-dono-altofest-festival\/\">https:\/\/www.teatroecritica.net<\/a><\/p>\n\n\n\n<p><\/p>\n\n\n\n<p class=\"has-gateway-dark-gray-color has-text-color\"><strong>Bisherige Auff\u00fchrungen &#8211; Elenco rappresentazioni ad oggi<\/strong><\/p>\n\n\n\n<p>28.8.2021 Berlin \/ Britz Privatgarten<\/p>\n\n\n\n<p>3.9. 2021 Theaterhaus Sch\u00f6neweide, Berlin<\/p>\n\n\n\n<p>5.9.2021 Forl\u00ec, Festival Crisalide<\/p>\n\n\n\n<p>15.10.2021 Rom Primavalle Festival ConDominio<\/p>\n\n\n\n<p>16.10.2021 Rom Flaminio, Privatwohnung<\/p>\n\n\n\n<p>17.10.2021 Rom Nomentano, Privatwohnung<\/p>\n\n\n\n<p>19.12.2021 Berlin Sch\u00f6neberg Privatwohnung<\/p>\n\n\n\n<p>1.-3.3.2022 Cubo Teatro, Turin<\/p>\n\n\n\n<p>6.+7.3 2022. Teatro della Tosse, Genua<\/p>\n\n\n\n<p>8.3.2022 Mailand, Privatwohnung<\/p>\n\n\n\n<p>2.4.2022 Berlin Kreuzberg, Privatwohnung<\/p>\n\n\n\n<p>29.+30.4.2022 Berlin, TD-Berlin<\/p>\n\n\n\n<p>7.5.2022 Berlin Kreuzberg, Privatwohnung<\/p>\n\n\n\n<p>20.5.2022 Schependorf, Mecklenburg Vorpommern, Kulturscheune<\/p>\n\n\n\n<p>22.5.2022 Greifswald Kulturhaus Straze<\/p>\n\n\n\n<p>8.6.2022 Vergato (BO) Privatwohnung<\/p>\n\n\n\n<p>11.6.2022 Bari, Festival Il peso della farfalla, Prinz Zaum Buchhandlung<\/p>\n\n\n\n<p>16.-18.2022 Napoli, Festival Altofest<\/p>\n\n\n\n<p>23.6. 2022 Mazzano Romano (RM), Bar del Falco<\/p>\n\n\n\n<p>14.7.2022 Lucera (FG), Privatwohnung<\/p>\n\n\n\n<p>30.7.2022 Alessano (LE), Privatwohnung<\/p>\n\n\n\n<p>20.8.2022 M\u00fcnchen Laim, Privatwohnung<\/p>\n\n\n\n<p>17.9.2022 Berlin Steglitz, Privatwohnung<\/p>\n\n\n\n<p>6.10.2022 Berlin Sch\u00f6neberg, die Box<\/p>\n\n\n\n<p>20.10. 2022 Genova, Libr\u00ecdo Bar\/Libreria<\/p>\n\n\n\n<p>22.10.2022 Genua, Privatwohnung<\/p>\n\n\n\n<p>23.10. 2022 Mailand, Heracles-Symposium, rassegna stanze.eu<\/p>\n\n\n\n<p>28.10.2022 Rom, Quartiere Trieste, Privatwohnung<\/p>\n\n\n\n<p>29.10.2022 Rom, Trastevere, Privatwohnung<\/p>\n\n\n\n<p>4.11.2022 Rom, Siapit\u00f2, Zirkuszelt Villa Bonelli<\/p>\n\n\n\n<p><strong>Kommende Auff\u00fchrungen \/ spettacoli in programma:<\/strong><\/p>\n\n\n\n<p>3.12.2022 Berlin, Hauser, Projektraum Neuk\u00f6lln<\/p>\n\n\n\n<p class=\"has-gateway-dark-gray-color has-text-color\"><strong>Sullo spettacolo<\/strong>:<\/p>\n\n\n\n<p>Libert\u00e0 personale e ragion di sato sembrano attualmente in conflitto. Le categorie di cosa \u00e8 necessario e giusto vengono ridefinite giorno per giorno da ognuno di noi. Convinti, come siamo, che il teatro resti necessario e che necessiti di contatto con il pubblico dal vivo, e non possa ridursi ad eventi in streaming e sulle varie piattaforme online, durante il periodo del Lockdown, seguendo una nostra personale strategia di resistenza alla digitalizzazione della vita culturale, sociale, affettiva, insomma della vita tout-court, abbiamo lavorato ad una versione bilingue di \u201cAntigone\u201d di Sofocle, da proporre su invito negli appartamenti delle persone interessate.<\/p>\n\n\n\n<p><strong>Perch\u00e9 Antigone?<\/strong><\/p>\n\n\n\n<p>\u201cAntigone\u201d si occupa di questioni cui \u00e8 difficile dare una risposta chiara e univoca. Tocca e tratta valori personali, interni, e valori comuni, doveri irrimandabili e irrinunciabili. \u201cAntigone\u201d ci interroga da millenni. E soprattutto in tempi di crisi, sembra quasi obbligato ritornare al conflitto tra Creonte e Antigone, tra Antigone e Ismene, tra Creonte ed Emone. Il conflitto tra potere e responsabilit\u00e0, tra resistenza e colpa, tra compassione e hybris. Antigone ci parla di una visione del mondo che non si esaurisce nel presente. Ci parla di donne e uomini, di guerra e riconciliazione, di passato e futuro, di comunicazione e incomprensione, di lingua e traduzione, di corpo e mente, di vita e morte. Ci parla del bisogno del teatro. Antigone ci parla di tutto questo e di molto altro e tutto questo \u00e8 di assoluta rilevanza per la nostra situazione presente.<\/p>\n\n\n\n<p>Il progetto \u00e8 inoltre un tentativo di trovare un modo per continuare ad esplorare I temi suddetti con il nostro mezzo specifico, che \u00e8 il teatro DAL VIVO di fronte ad un pubblico VIVO. C\u2019\u00e8 davvero bisogno di quello che facciamo? Ci sono persone disposte a supportare ci\u00f2 che facciamo? \u00c8 una domanda che ci poniamo ogni giorno, e non solo da ieri. Allora: \u00e8 possibile portare questo questo dialogo, questo discorso, in quanto discorso pubblico, nelle case private delle persone e provare a interrogarci insieme?<\/p>\n\n\n\n<p>Il nostro obiettivo \u00e8 organizzare il maggior numero possibile di repliche nel maggior numero possibile di appartamenti, a Berlino e altrove, in Italia e in Europa. Ci rivolgiamo a tutti coloro, amici, sostenitori, spettatori, che possono avere voglia, necessit\u00e0 o anche solo curiosit\u00e0, di entrare in contatto con questo modo di pensare e fare teatro.<\/p>\n\n\n\n<p>Questo progetto \u00e8 per noi una possibilit\u00e0 di continuare nel nostro lavoro che consiste, alla fine naturalmente di un precedente lavoro di ricerca e di prove, proprio nell\u2019 incontro e scambio con il pubblico. Ci offre insomma una prospettiva, che \u00e8 ci\u00f2 che in questo momento principalmente manca.<\/p>\n\n\n\n<p>Pers\u00f6nliche Freiheit und Staatsr\u00e4son liegen aktuell miteinander im Clinch. Die Kategorien dessen, was notwendig und richtig ist, m\u00fcssen t\u00e4glich von jedem neu definiert werden. Seit Jahrtausenden wirft \u201eAntigone\u201c Fragen auf: sie betreffen den Konflikt zwischen Macht und Verantwortung, Widerstand und Schuld, Mitleid und Hybris. \u201eAntigone\u201c erz\u00e4hlt von Frauen und M\u00e4nnern, von Krieg und Vers\u00f6hnung, von Kommunikation und Unverst\u00e4ndnis, von K\u00f6rper und Geist, von Leben und Tod. Es erz\u00e4hlt von der Notwendigkeit des Theaters. \u201eAntigone\u201c ist das Theater, die gef\u00e4hrliche Kunst par excellence: gef\u00e4hrlich weil lebendig, weil sie immer wieder alles riskiert in der Gegen\u00fcberstellung mit den Zuschauern.<\/p>\n\n\n\n<p>Was wir hier zeigen ist eine aufs Minimum reduzierte \u201eAntigone\u201c mit nur zwei Interpreten, die sich alle Rollen teilen und mit den Rollen auch deren Verantwortung, Schuld und Schicksal. Eine Art \u201eKammertrag\u00f6die\u201c, konzipiert f\u00fcr Wohnungen und nicht theatrale R\u00e4ume und f\u00fcr eine begrenzte Anzahl von Zuschauern. Eine sehr intime Version der Trag\u00f6die des Sophokles, wo die Konflikte zwischen den Figuren zu inneren Konflikten werden und die Zuschauer eingeladen sind, in den K\u00f6pfen der Protagonisten Platz zu nehmen und den Zerrei\u00dfprozessen im Bewusstsein der Protagonisten von ganz nah, wie durch ein Vergr\u00f6\u00dferungsglas, beizuwohnen. In unserer \u201eAntigone\u201c gibt es keine Figuren au\u00dfer im Sinn von \u201ePersonae\u201c und es gibt auch keine B\u00f6sen und Guten, denn der Konflikt ist immer der des Menschen mit sich selbst, mit dem anderen Teil von sich und mit dem eigenen \u201eSchatten\u201c.<\/p>\n\n\n\n<p><\/p>\n\n\n\n<p>Gef\u00f6rdert vom Fonds Darstellende K\u00fcnste aus Mitteln der Beauftragten der Bundesregierung f\u00fcr Kultur und Medien im Rahmen von NEUSTART KULTUR und kofinanziert durch ein Crowdfunding \u00fcber die Plattform Startnext<\/p>\n","protected":false},"excerpt":{"rendered":"<p>Regie\/regia: Barletti\/Waas; Spiel\/recitazione: Lea Barletti und Werner Waas; sound design Chor: Luca Canciello \u00dcbersetzung\/traduzione: Friedrich H\u00f6lderlin (deutsch), Fabrizio Sinisi (italienisch) Dauer\/durata 80&#8242; link video: https:\/\/vimeo.com\/manage\/videos\/826133234 (per la password contattateci!) Recensioni: recensione Antigone Genova https:\/\/www.locacritica.com https:\/\/www.teatroecritica.net Bisherige Auff\u00fchrungen &#8211; Elenco rappresentazioni ad oggi 28.8.2021 Berlin \/ Britz Privatgarten 3.9. 2021 Theaterhaus Sch\u00f6neweide, Berlin 5.9.2021 Forl\u00ec, Festival [&hellip;]<\/p>\n","protected":false},"author":1,"featured_media":0,"parent":0,"menu_order":0,"comment_status":"closed","ping_status":"closed","template":"","meta":{"footnotes":""},"class_list":["post-950","page","type-page","status-publish","hentry"],"jetpack_sharing_enabled":true,"_links":{"self":[{"href":"https:\/\/barlettiwaas.eu\/index.php?rest_route=\/wp\/v2\/pages\/950","targetHints":{"allow":["GET"]}}],"collection":[{"href":"https:\/\/barlettiwaas.eu\/index.php?rest_route=\/wp\/v2\/pages"}],"about":[{"href":"https:\/\/barlettiwaas.eu\/index.php?rest_route=\/wp\/v2\/types\/page"}],"author":[{"embeddable":true,"href":"https:\/\/barlettiwaas.eu\/index.php?rest_route=\/wp\/v2\/users\/1"}],"replies":[{"embeddable":true,"href":"https:\/\/barlettiwaas.eu\/index.php?rest_route=%2Fwp%2Fv2%2Fcomments&post=950"}],"version-history":[{"count":11,"href":"https:\/\/barlettiwaas.eu\/index.php?rest_route=\/wp\/v2\/pages\/950\/revisions"}],"predecessor-version":[{"id":1109,"href":"https:\/\/barlettiwaas.eu\/index.php?rest_route=\/wp\/v2\/pages\/950\/revisions\/1109"}],"wp:attachment":[{"href":"https:\/\/barlettiwaas.eu\/index.php?rest_route=%2Fwp%2Fv2%2Fmedia&parent=950"}],"curies":[{"name":"wp","href":"https:\/\/api.w.org\/{rel}","templated":true}]}}