{"id":985,"date":"2022-01-16T18:39:58","date_gmt":"2022-01-16T18:39:58","guid":{"rendered":"https:\/\/barlettiwaas.eu\/?page_id=985"},"modified":"2022-01-24T15:02:20","modified_gmt":"2022-01-24T15:02:20","slug":"weissagung-von-peter-handke","status":"publish","type":"page","link":"https:\/\/barlettiwaas.eu\/?page_id=985","title":{"rendered":"Weissagung"},"content":{"rendered":"\n<p>von Peter Handke<\/p>\n\n\n\n<figure class=\"wp-block-image size-large\"><img loading=\"lazy\" decoding=\"async\" width=\"1024\" height=\"768\" src=\"https:\/\/barlettiwaas.eu\/wp-content\/uploads\/2022\/01\/foto-weissagung-1024x768.jpg\" alt=\"\" class=\"wp-image-986\" srcset=\"https:\/\/barlettiwaas.eu\/wp-content\/uploads\/2022\/01\/foto-weissagung-1024x768.jpg 1024w, https:\/\/barlettiwaas.eu\/wp-content\/uploads\/2022\/01\/foto-weissagung-300x225.jpg 300w, https:\/\/barlettiwaas.eu\/wp-content\/uploads\/2022\/01\/foto-weissagung-768x576.jpg 768w, https:\/\/barlettiwaas.eu\/wp-content\/uploads\/2022\/01\/foto-weissagung.jpg 1280w\" sizes=\"auto, (max-width: 1024px) 100vw, 1024px\" \/><figcaption> <em>Weissagung Juni 2021 Neuk\u00f6lln<\/em> <\/figcaption><\/figure>\n\n\n\n<p>ein Projekt von Barletti\/Waas mit Lea Barletti, Werner Waas, Daniel Wittkopp und Harald Wissler<\/p>\n\n\n\n<p>Produktion: Barletti\/Waas \/ Itz Berlin e.V.<\/p>\n\n\n\n<p>Premiere im Rahmen der Wekstattreihe &#8220;Von vorn anfangen&#8221; des Itz Berlin e.V. im Juni 2021 <\/p>\n\n\n\n<p><\/p>\n\n\n\n<p>Keiner wei\u00df, wie lange es noch so weitergehen wird. Die Menschen, auch in Neuk\u00f6lln, sehnen sich nach Sicherheiten, verl\u00e4\u00dflichen Botschaften. Die Vorhersagen zur Entwicklung der Pandemie folgen aufeinander in fieberhaftem Rhythmus. Propheten jeglicher Art stehen aktuell hoch im Kurs. Alles scheint gef\u00e4hrlich: auch Theater, Gemeinsamkeit, Ansammlungen. Was tun?<\/p>\n\n\n\n<p>Wir, d.h. Lea Barletti, Werner Waas, Daniel Wittkopp und Werner Waas, planen, in Zusammenarbeit mit dem Itz Berlin e.V., f\u00fcr 26.-29. Mai vier theatrale Aktionen zum Thema Weissagung f\u00fcr Laufpublikum und geladene G\u00e4ste im \u00f6ffentlichen Raum in Neuk\u00f6lln (Rathaus Neuk\u00f6lln, Hermannplatz, Bat Yam Platz, Esperantoplatz). Die Veranstaltung ist gratis und sieht keinen Ticketverkauf vor.<\/p>\n\n\n\n<p>Vier Sprecher\/Propheten werden im \u00f6ffentlichen Raum auftreten, an nicht als Theater erkennbaren Orten, einzeln und als Chor, und mit vollem K\u00f6rpereinsatz 20 Minuten lang Poesie und Metaphern in die Welt schleudern und so zu einem Widerhall in der Gegenwart verhelfen.<\/p>\n\n\n\n<p>Unsere Performance, die vom Text \u201eWeissagung\u201c von Peter Handke ausgeht, besteht aus Metaphern, die als Voraussagungen in die Zukunft projiziert werden. Handkes Text bietet f\u00fcr die aktuelle Situation keine Hilfe, er hat keine Botschaften, will auch keine haben, nicht einmal die, da\u00df es keine verl\u00e4\u00dflichen Botschaften gibt oder da\u00df alle Weissagungen an sich schon absurd sind. Jeder Satz f\u00fcr sich ist sinnlos, &#8220;<em>Es steckt nichts dahinter, auch nicht zwischen den W\u00f6rtern und Zeilen<\/em>&#8221; (Handke), aber die Kraft, die von unserer Aktion ausgeht, wird f\u00fcr alle sp\u00fcrbar sein.<\/p>\n\n\n\n<p>Durchaus angelehnt an das Format einer \u00f6ffentlichen Kundgebung sorgt bei unserer Performance gerade das Fehlen einer einfachen Botschaft als Anregung zum Nachdenken.<\/p>\n\n\n\n<p>Osip Mandelstam<\/p>\n\n\n\n<p><em>Wo beginnen?<\/em><\/p>\n\n\n\n<p><em>Alles kracht in den Fugen und schwankt.<\/em><\/p>\n\n\n\n<p><em>Die Luft erzittert vor Vergleichen.<\/em><\/p>\n\n\n\n<p><em>Kein Wort ist besser als das andre,<\/em><\/p>\n\n\n\n<p><em>die Erde dr\u00f6hnt von Metaphern \u2026<\/em><\/p>\n\n\n\n<p><em>Weissagung Neuk\u00f6lln, Juni 2020<\/em><br><br><br><\/p>\n","protected":false},"excerpt":{"rendered":"<p>von Peter Handke ein Projekt von Barletti\/Waas mit Lea Barletti, Werner Waas, Daniel Wittkopp und Harald Wissler Produktion: Barletti\/Waas \/ Itz Berlin e.V. Premiere im Rahmen der Wekstattreihe &#8220;Von vorn anfangen&#8221; des Itz Berlin e.V. im Juni 2021 Keiner wei\u00df, wie lange es noch so weitergehen wird. Die Menschen, auch in Neuk\u00f6lln, sehnen sich nach [&hellip;]<\/p>\n","protected":false},"author":1,"featured_media":0,"parent":0,"menu_order":0,"comment_status":"closed","ping_status":"closed","template":"","meta":{"footnotes":""},"class_list":["post-985","page","type-page","status-publish","hentry"],"jetpack_sharing_enabled":true,"_links":{"self":[{"href":"https:\/\/barlettiwaas.eu\/index.php?rest_route=\/wp\/v2\/pages\/985","targetHints":{"allow":["GET"]}}],"collection":[{"href":"https:\/\/barlettiwaas.eu\/index.php?rest_route=\/wp\/v2\/pages"}],"about":[{"href":"https:\/\/barlettiwaas.eu\/index.php?rest_route=\/wp\/v2\/types\/page"}],"author":[{"embeddable":true,"href":"https:\/\/barlettiwaas.eu\/index.php?rest_route=\/wp\/v2\/users\/1"}],"replies":[{"embeddable":true,"href":"https:\/\/barlettiwaas.eu\/index.php?rest_route=%2Fwp%2Fv2%2Fcomments&post=985"}],"version-history":[{"count":2,"href":"https:\/\/barlettiwaas.eu\/index.php?rest_route=\/wp\/v2\/pages\/985\/revisions"}],"predecessor-version":[{"id":1000,"href":"https:\/\/barlettiwaas.eu\/index.php?rest_route=\/wp\/v2\/pages\/985\/revisions\/1000"}],"wp:attachment":[{"href":"https:\/\/barlettiwaas.eu\/index.php?rest_route=%2Fwp%2Fv2%2Fmedia&parent=985"}],"curies":[{"name":"wp","href":"https:\/\/api.w.org\/{rel}","templated":true}]}}