{"id":992,"date":"2022-01-19T10:03:51","date_gmt":"2022-01-19T10:03:51","guid":{"rendered":"https:\/\/barlettiwaas.eu\/?page_id=992"},"modified":"2022-04-03T11:40:09","modified_gmt":"2022-04-03T11:40:09","slug":"uber-die-dorfer","status":"publish","type":"page","link":"https:\/\/barlettiwaas.eu\/?page_id=992","title":{"rendered":"\u00dcber die D\u00f6rfer"},"content":{"rendered":"\n<p>Dramatisches Gedicht von Peter Handke<\/p>\n\n\n\n<p>Premiere am 1. Oktober 2021 im TD Berlin<\/p>\n\n\n\n<figure class=\"wp-block-image\"><img loading=\"lazy\" decoding=\"async\" width=\"1024\" height=\"701\" src=\"https:\/\/barlettiwaas.eu\/wp-content\/uploads\/2021\/09\/Familenfoto-II-vorm-Haus-mit-Text-1024x701.jpg\" alt=\"\" class=\"wp-image-959\" srcset=\"https:\/\/barlettiwaas.eu\/wp-content\/uploads\/2021\/09\/Familenfoto-II-vorm-Haus-mit-Text-1024x701.jpg 1024w, https:\/\/barlettiwaas.eu\/wp-content\/uploads\/2021\/09\/Familenfoto-II-vorm-Haus-mit-Text-300x205.jpg 300w, https:\/\/barlettiwaas.eu\/wp-content\/uploads\/2021\/09\/Familenfoto-II-vorm-Haus-mit-Text-768x526.jpg 768w, https:\/\/barlettiwaas.eu\/wp-content\/uploads\/2021\/09\/Familenfoto-II-vorm-Haus-mit-Text-1536x1052.jpg 1536w, https:\/\/barlettiwaas.eu\/wp-content\/uploads\/2021\/09\/Familenfoto-II-vorm-Haus-mit-Text-2048x1402.jpg 2048w\" sizes=\"auto, (max-width: 1024px) 100vw, 1024px\" \/><figcaption>Foto: Markus B\u00fchler<\/figcaption><\/figure>\n\n\n\n<p>Trailer zum St\u00fcck:&nbsp;<a rel=\"noreferrer noopener\" href=\"https:\/\/vimeo.com\/manage\/videos\/667693844\" target=\"_blank\">https:\/\/vimeo.com\/manage\/videos\/667693844<\/a><\/p>\n\n\n\n<p>Krieg und Konflikt oder doch eher Vers\u00f6hnung? In Zeiten des Streits haben alle etwas zu sagen. Sprechen und sich nahe kommen? Obwohl oder gerade weil man anderer Meinung ist? Eine Inszenierung zerkl\u00fcfteter Ausschnitte aus Menschenleben, die die Zerrissenheit des Wunsches nach umfassender Gemeinschaft offenlegt \u2013 trotz allem.<\/p>\n\n\n\n<p>Handkes Text \u00dcBER DIE D\u00d6RFER setzt in unserer Gegenwart der Behauptungen, der st\u00e4ndigen Verlautbarungen, Posts und Tweets einen radikalen Kontrapunkt: Zwischen Autobahnbaustelle in den Bergen und Friedhof im verlassenen Dorf verstricken sich drei Geschwister in ihrem schier unaufl\u00f6slichen Zwist. Es geht ums Haus, um Zugeh\u00f6rigkeit und Freiheit und die Kraft des Zuh\u00f6rens.<\/p>\n\n\n\n<p>Das \u201eIch\u201c steht dabei im Mittelpunkt. Das \u201eIch\u201c als Entwurf, als Behauptung, als Befreiung \u2013 oder doch als Falle? Aber was hei\u00dft eigentlich \u201eIch\u201c? Mit&nbsp;<em>inniger Ironie<\/em>&nbsp;und&nbsp;<em>z\u00e4rtlicher Langsamkeit<\/em>&nbsp;entspinnen die Performer*innen ihre Reden und enden doch alle in der Verlassenheit. \u201eAlle sind im Recht!\u201c sagt Handke, es gibt keinen Ausweg. Eine Alte ist einziges \u00dcberbleibsel der vergangenen Zeit und zugleich Zeugin des Jetzt, bildet gemeinsam mit einem Kind eine Art moralische Instanz, einen kritischen Chor. Im Moment der gr\u00f6\u00dften Erstarrung entwirft eine Au\u00dfenstehende in letzter Verkl\u00e4rung des Ich, eine vers\u00f6hnliche Landschaft im Geist der Utopie.<\/p>\n\n\n\n<p>Mit Lea Barletti \/ Martin Clausen \/Gabriele H\u00e4nel \/ Anna Stieblich \/ Werner Waas \/ Harald Wissler \/ Vinzent Wittkopp K\u00fcnstlerische Leitung\/Regie Barletti\/Waas Sounddesign\/Original music Luca Canciello B\u00fchne\/Kost\u00fcme Markus B\u00fchler Organisation\/Buchhaltung Maria Mewanu Produktion Barletti\/Waas GbR Produktion Barletti Waas Koproduktion mit TD Berlin Unterst\u00fctzung B\u00fchnen im Haus der Statistik e.V., Itz Berlin e.V., Kulturintiative F\u00f6rderband gGmbh, Theaterhaus Mitte.\u00a0<strong>Gef\u00f6rdert<\/strong>\u00a0vom Fonds Darstellende K\u00fcnste aus Mitteln der Beauftragten der Bundesregierung f\u00fcr Kultur und Medien\u201c<\/p>\n\n\n\n<p><strong>Pressestimmen\/Kritiken<\/strong><\/p>\n\n\n\n<p>\u201c<em>Die Arbeit von Lea Barletti und Werner Waas \/ setzt ein Zeichen gegen die Schnelllebigkeit der Welt. (\u2026) <\/em><em>Gegen die Hektik des Weltgeschehens setzte es die strikte Fokussierung und die konsequente Verlangsamung., , Ungewohnt, ungew\u00f6hnlich, herausfordernd und mutig.\u201d<\/em><br>Birgit Schmalmack vom 18.10.21 Hamburgtheater Blog<\/p>\n\n\n\n<p><a href=\"http:\/\/www.hamburgtheater.de\/03c198adc81110003.html\">http:\/\/www.hamburgtheater.de\/03c198adc81110003.html<\/a><\/p>\n","protected":false},"excerpt":{"rendered":"<p>Dramatisches Gedicht von Peter Handke Premiere am 1. Oktober 2021 im TD Berlin Trailer zum St\u00fcck:&nbsp;https:\/\/vimeo.com\/manage\/videos\/667693844 Krieg und Konflikt oder doch eher Vers\u00f6hnung? In Zeiten des Streits haben alle etwas zu sagen. Sprechen und sich nahe kommen? Obwohl oder gerade weil man anderer Meinung ist? Eine Inszenierung zerkl\u00fcfteter Ausschnitte aus Menschenleben, die die Zerrissenheit des [&hellip;]<\/p>\n","protected":false},"author":1,"featured_media":0,"parent":0,"menu_order":0,"comment_status":"closed","ping_status":"closed","template":"","meta":{"footnotes":""},"class_list":["post-992","page","type-page","status-publish","hentry"],"jetpack_sharing_enabled":true,"_links":{"self":[{"href":"https:\/\/barlettiwaas.eu\/index.php?rest_route=\/wp\/v2\/pages\/992","targetHints":{"allow":["GET"]}}],"collection":[{"href":"https:\/\/barlettiwaas.eu\/index.php?rest_route=\/wp\/v2\/pages"}],"about":[{"href":"https:\/\/barlettiwaas.eu\/index.php?rest_route=\/wp\/v2\/types\/page"}],"author":[{"embeddable":true,"href":"https:\/\/barlettiwaas.eu\/index.php?rest_route=\/wp\/v2\/users\/1"}],"replies":[{"embeddable":true,"href":"https:\/\/barlettiwaas.eu\/index.php?rest_route=%2Fwp%2Fv2%2Fcomments&post=992"}],"version-history":[{"count":7,"href":"https:\/\/barlettiwaas.eu\/index.php?rest_route=\/wp\/v2\/pages\/992\/revisions"}],"predecessor-version":[{"id":1038,"href":"https:\/\/barlettiwaas.eu\/index.php?rest_route=\/wp\/v2\/pages\/992\/revisions\/1038"}],"wp:attachment":[{"href":"https:\/\/barlettiwaas.eu\/index.php?rest_route=%2Fwp%2Fv2%2Fmedia&parent=992"}],"curies":[{"name":"wp","href":"https:\/\/api.w.org\/{rel}","templated":true}]}}